{"id":1885,"date":"2024-02-29T23:42:14","date_gmt":"2024-02-29T22:42:14","guid":{"rendered":"https:\/\/dbis.ibp.cz\/?page_id=1885"},"modified":"2025-11-14T01:21:22","modified_gmt":"2025-11-14T00:21:22","slug":"hyaluronan","status":"publish","type":"page","link":"https:\/\/dbis.ibp.cz\/index.php\/research-2\/hyaluronan\/","title":{"rendered":"Hyaluronan"},"content":{"rendered":"\t\t<div data-elementor-type=\"wp-page\" data-elementor-id=\"1885\" class=\"elementor elementor-1885\">\n\t\t\t\t\t\t<section class=\"elementor-section elementor-top-section elementor-element elementor-element-6feeac4 elementor-section-boxed elementor-section-height-default elementor-section-height-default\" data-id=\"6feeac4\" data-element_type=\"section\" data-e-type=\"section\">\n\t\t\t\t\t\t<div class=\"elementor-container elementor-column-gap-default\">\n\t\t\t\t\t<div class=\"elementor-column elementor-col-100 elementor-top-column elementor-element elementor-element-8c6f42c\" data-id=\"8c6f42c\" data-element_type=\"column\" data-e-type=\"column\">\n\t\t\t<div class=\"elementor-widget-wrap elementor-element-populated\">\n\t\t\t\t\t\t<section class=\"elementor-section elementor-inner-section elementor-element elementor-element-5c7f722 elementor-section-boxed elementor-section-height-default elementor-section-height-default\" data-id=\"5c7f722\" data-element_type=\"section\" data-e-type=\"section\">\n\t\t\t\t\t\t<div class=\"elementor-container elementor-column-gap-default\">\n\t\t\t\t\t<div class=\"elementor-column elementor-col-100 elementor-inner-column elementor-element elementor-element-ea5814e\" data-id=\"ea5814e\" data-element_type=\"column\" data-e-type=\"column\">\n\t\t\t<div class=\"elementor-widget-wrap elementor-element-populated\">\n\t\t\t\t\t\t<div class=\"elementor-element elementor-element-8b33c89 elementor-widget elementor-widget-heading\" data-id=\"8b33c89\" data-element_type=\"widget\" data-e-type=\"widget\" data-widget_type=\"heading.default\">\n\t\t\t\t<div class=\"elementor-widget-container\">\n\t\t\t\t\t<h2 class=\"elementor-heading-title elementor-size-default\">Hyaluronan<\/h2>\t\t\t\t<\/div>\n\t\t\t\t<\/div>\n\t\t\t\t<div class=\"elementor-element elementor-element-1e290b5 elementor-widget elementor-widget-heading\" data-id=\"1e290b5\" data-element_type=\"widget\" data-e-type=\"widget\" data-widget_type=\"heading.default\">\n\t\t\t\t<div class=\"elementor-widget-container\">\n\t\t\t\t\t<h3 class=\"elementor-heading-title elementor-size-default\">Hyaluronan in health and disease \u2013 development of novel therapeutics based on hyaluronan for treatment of inflammation-related disorders<br><br><span style=\"font-family: Raleway, sans-serif;font-size: 18px;font-style: normal;font-weight: 600\">Responsible person:<\/span><span style=\"font-family: Raleway, sans-serif;font-size: 18px;font-style: normal;font-weight: 400\">&nbsp;Luk\u00e1\u0161 Kubala (Gabriela Ambro\u017eov\u00e1, Krist\u00fdna Turkov\u00e1)<\/span><\/h3>\t\t\t\t<\/div>\n\t\t\t\t<\/div>\n\t\t\t\t<div class=\"elementor-element elementor-element-a1d756f elementor-widget elementor-widget-text-editor\" data-id=\"a1d756f\" data-element_type=\"widget\" data-e-type=\"widget\" data-widget_type=\"text-editor.default\">\n\t\t\t\t<div class=\"elementor-widget-container\">\n\t\t\t\t\t\t\t\t\t<p>Hyaluronan (HA), one of the body\u2019s own biopolymers, is able to promote healing and modulate inflammation. The primary goal is to identify new mechanisms and principles of HA actions in the course of healing and inflammatory processes that will be used for development of HA based pharmaceuticals and biomaterials. This highly soluble and rapidly degradable polymer can be stabilized to enhance efficacy. Newly synthetized HA derivatives have acquired not only a range of physicochemical properties but also novel specific biological properties, they are able to modulate inflammation; acute in the case of acute wounds or surgical interventions; as well as chronic inflammation that often accompanies a variety of pathologies including non-healing wounds and intestinal inflammatory diseases.<\/p>\t\t\t\t\t\t\t\t<\/div>\n\t\t\t\t<\/div>\n\t\t\t\t<div class=\"elementor-element elementor-element-671e198 elementor-widget elementor-widget-image\" data-id=\"671e198\" data-element_type=\"widget\" data-e-type=\"widget\" data-widget_type=\"image.default\">\n\t\t\t\t<div class=\"elementor-widget-container\">\n\t\t\t\t\t\t\t\t\t\t\t\t<figure class=\"wp-caption\">\n\t\t\t\t\t\t\t\t\t\t<img fetchpriority=\"high\" decoding=\"async\" width=\"992\" height=\"453\" src=\"https:\/\/dbis.ibp.cz\/wp-content\/uploads\/2022\/10\/HA.png\" class=\"attachment-large size-large wp-image-100\" alt=\"HA structure\" srcset=\"https:\/\/dbis.ibp.cz\/wp-content\/uploads\/2022\/10\/HA.png 992w, https:\/\/dbis.ibp.cz\/wp-content\/uploads\/2022\/10\/HA-300x137.png 300w, https:\/\/dbis.ibp.cz\/wp-content\/uploads\/2022\/10\/HA-768x351.png 768w\" sizes=\"(max-width: 992px) 100vw, 992px\" title=\"\">\t\t\t\t\t\t\t\t\t\t\t<figcaption class=\"widget-image-caption wp-caption-text\">Hyaluronan (HA) structure<\/figcaption>\n\t\t\t\t\t\t\t\t\t\t<\/figure>\n\t\t\t\t\t\t\t\t\t<\/div>\n\t\t\t\t<\/div>\n\t\t\t\t\t<\/div>\n\t\t<\/div>\n\t\t\t\t\t<\/div>\n\t\t<\/section>\n\t\t\t\t<div class=\"elementor-element elementor-element-2ee60f9 elementor-widget elementor-widget-text-editor\" data-id=\"2ee60f9\" data-element_type=\"widget\" data-e-type=\"widget\" data-widget_type=\"text-editor.default\">\n\t\t\t\t<div class=\"elementor-widget-container\">\n\t\t\t\t\t\t\t\t\t<p style=\"font-variant-ligatures: normal; font-variant-caps: normal; font-family: Raleway, sans-serif; font-size: 18px; font-style: normal; font-weight: 400;\">We focus on basic research related to HA regulatory functions, particularly on the effects of both endogenously produced and exogenously given HA on regulatory processes on the level of cells, tissue, and whole organism. We evaluate HA receptors, intracellular metabolism of glycosaminoglycans, and inflammation-mediated changes in synthesis and degradation of HA. We perform the determination of the pharmacokinetics of externally added HA using a unique methodology of stable isotope-labeled HA of different precisely defined molecular weight. In\u00a0<span style=\"font-size: 18px; color: #3074b0;\"><a style=\"font-size: 18px; color: #3074b0;\" href=\"https:\/\/www.contipro.com\/\" target=\"_blank\" rel=\"noopener\"><span style=\"font-size: 18px; font-weight: 600;\">collaboration with the Contipro<\/span><\/a><\/span>\u00a0company, we used the obtained knowledge about HA derivatives for the development of new hyaluronan-based pharmaceuticals and biomaterials.<\/p><p style=\"font-variant-ligatures: normal; font-variant-caps: normal; font-family: Raleway, sans-serif; font-size: 18px; font-style: normal; font-weight: 400;\">To screen the capacity of HA and its derivatives to modulate innate and specific immune responses, selected\u00a0<em style=\"font-size: 18px;\">in vitro\u00a0<\/em>assays using human leukocytes or mouse leukocytes and lymphatic tissues are used. Furthermore, the efficacy and mechanism of action of the most promising candidates are studied<em style=\"font-size: 18px;\">\u00a0in vivo<\/em>. Our project should provide detailed information about effects of newly synthetized HA derivatives on myeloid cells, revealing their potential to affect inflammatory response and the pathological consequences, thereby helping to develop efficient state-of-the-art drugs and biomaterials in the treatment of inflammatory diseases.<\/p><p style=\"font-variant-ligatures: normal; font-variant-caps: normal; font-family: Raleway, sans-serif; font-size: 18px; font-style: normal; font-weight: 400;\">\u00a0<\/p>\t\t\t\t\t\t\t\t<\/div>\n\t\t\t\t<\/div>\n\t\t\t\t\t<\/div>\n\t\t<\/div>\n\t\t\t\t\t<\/div>\n\t\t<\/section>\n\t\t\t\t<\/div>\n\t\t","protected":false},"excerpt":{"rendered":"<p>Hyaluronan Hyaluronan in health and disease \u2013 development of novel therapeutics based on hyaluronan for treatment of inflammation-related disorders Responsible person:&nbsp;Luk\u00e1\u0161 Kubala (Gabriela Ambro\u017eov\u00e1, Krist\u00fdna Turkov\u00e1) Hyaluronan (HA), one of the body\u2019s own biopolymers, is able to promote healing and modulate inflammation. The primary goal is to identify new mechanisms and principles of HA actions [&hellip;]<\/p>\n","protected":false},"author":3,"featured_media":0,"parent":1930,"menu_order":0,"comment_status":"closed","ping_status":"closed","template":"elementor_header_footer","meta":{"footnotes":""},"class_list":["post-1885","page","type-page","status-publish","hentry","entry"],"_links":{"self":[{"href":"https:\/\/dbis.ibp.cz\/index.php\/wp-json\/wp\/v2\/pages\/1885","targetHints":{"allow":["GET"]}}],"collection":[{"href":"https:\/\/dbis.ibp.cz\/index.php\/wp-json\/wp\/v2\/pages"}],"about":[{"href":"https:\/\/dbis.ibp.cz\/index.php\/wp-json\/wp\/v2\/types\/page"}],"author":[{"embeddable":true,"href":"https:\/\/dbis.ibp.cz\/index.php\/wp-json\/wp\/v2\/users\/3"}],"replies":[{"embeddable":true,"href":"https:\/\/dbis.ibp.cz\/index.php\/wp-json\/wp\/v2\/comments?post=1885"}],"version-history":[{"count":12,"href":"https:\/\/dbis.ibp.cz\/index.php\/wp-json\/wp\/v2\/pages\/1885\/revisions"}],"predecessor-version":[{"id":3527,"href":"https:\/\/dbis.ibp.cz\/index.php\/wp-json\/wp\/v2\/pages\/1885\/revisions\/3527"}],"up":[{"embeddable":true,"href":"https:\/\/dbis.ibp.cz\/index.php\/wp-json\/wp\/v2\/pages\/1930"}],"wp:attachment":[{"href":"https:\/\/dbis.ibp.cz\/index.php\/wp-json\/wp\/v2\/media?parent=1885"}],"curies":[{"name":"wp","href":"https:\/\/api.w.org\/{rel}","templated":true}]}}